{"id":240,"date":"2023-06-21T09:23:55","date_gmt":"2023-06-21T07:23:55","guid":{"rendered":"https:\/\/www.e-360.it\/partners\/centro-privacy\/informativa-sui-cookie\/"},"modified":"2023-06-23T12:09:37","modified_gmt":"2023-06-23T10:09:37","slug":"informativa-sui-cookie","status":"publish","type":"page","link":"https:\/\/www.e-360.it\/partners\/centro-privacy\/informativa-sui-cookie\/","title":{"rendered":"Informativa sui cookie"},"content":{"rendered":"\t\t<div data-elementor-type=\"wp-page\" data-elementor-id=\"240\" class=\"elementor elementor-240\" data-elementor-post-type=\"page\">\n\t\t\t\t\t\t<section class=\"elementor-section elementor-top-section elementor-element elementor-element-a510561 elementor-section-boxed elementor-section-height-default elementor-section-height-default\" data-id=\"a510561\" data-element_type=\"section\">\n\t\t\t\t\t\t<div class=\"elementor-container elementor-column-gap-default\">\n\t\t\t\t\t<div class=\"elementor-column elementor-col-100 elementor-top-column elementor-element elementor-element-2e8a19c0\" data-id=\"2e8a19c0\" data-element_type=\"column\">\n\t\t\t<div class=\"elementor-widget-wrap elementor-element-populated\">\n\t\t\t\t\t\t<div class=\"elementor-element elementor-element-f2f6085 elementor-widget elementor-widget-heading\" data-id=\"f2f6085\" data-element_type=\"widget\" data-widget_type=\"heading.default\">\n\t\t\t\t<div class=\"elementor-widget-container\">\n\t\t\t\t\t<h2 class=\"elementor-heading-title elementor-size-default\">Informativa sui cookie<\/h2>\t\t\t\t<\/div>\n\t\t\t\t<\/div>\n\t\t\t\t<div class=\"elementor-element elementor-element-43fb4caa elementor-widget elementor-widget-text-editor\" data-id=\"43fb4caa\" data-element_type=\"widget\" data-widget_type=\"text-editor.default\">\n\t\t\t\t<div class=\"elementor-widget-container\">\n\t\t\t\t\t\t\t\t\t<p>Il sito web <strong>www.e-360.it<\/strong> utilizza\u00a0<em>cookie<\/em>\u00a0e altre tecnologie correlate (di seguito genericamente definiti \u201c<em>cookie<\/em>\u201d). La presente policy contiene le informazioni sulla tipologia e sull\u2019utilizzo dei\u00a0<em>cookie<\/em>\u00a0all\u2019interno del sito web.<\/p><ol><li><h5><strong>COSA SONO I\u00a0<em>COOKIE<\/em>?<\/strong><\/h5><\/li><\/ol><p>I\u00a0<em>cookie<\/em>\u00a0sono piccoli file di testo che i siti visitati inviano ai terminali degli utenti e sono usati per eseguire autenticazioni informatiche, monitoraggio di sessioni, memorizzazione di informazioni su specifiche configurazioni, memorizzazione delle preferenze etc.<\/p><ol start=\"2\"><li><h5><strong>I TIPI PRINCIPALI DI\u00a0<em>COOKIE<\/em><\/strong><\/h5><\/li><\/ol><p>A seconda della provenienza, i\u00a0<em>cookie<\/em>\u00a0si distinguono principalmente in due categorie:<\/p><ul><li><strong>cookie di prima parte,\u00a0<\/strong>ossia cookie generati e gestiti direttamente dal soggetto gestore del sito web sul quale l\u2019utente sta navigando.<\/li><li><strong>cookie di terza parte<\/strong>, ossia cookie installati sul terminale dell\u2019utente, generati e gestiti da soggetti diversi dal gestore del sito web sul quale l\u2019utente sta navigando. Gli scopi possono essere molteplici: analisi del traffico, proposizione di annunci pubblicitari, condivisione con i social, ecc.<\/li><\/ul><p>La responsabilit\u00e0 e la gestione dei <em>cookie<\/em>\u00a0di prima parte \u00e8 assunta in modo diretto dal Titolare.<\/p><p>La responsabilit\u00e0 e la gestione dei\u00a0<em>cookie<\/em>\u00a0di terza parte ricade, invece, sui rispettivi Titolari (soggetti terzi), ai quali spetter\u00e0 offrire adeguati meccanismi per la raccolta e\/o revoca del consenso nelle proprie informative.<\/p><p>In base alle finalit\u00e0 di utilizzo, i\u00a0<em>cookie<\/em>\u00a0possono essere ulteriormente distinti in:<\/p><ul><li><strong><em>cookie<\/em><\/strong><strong>\u00a0tecnici o funzionali<\/strong>: servono a navigare pi\u00f9 agevolmente, a non ripetere determinate operazioni e sono necessari per il corretto funzionamento del sito web. Non vengono utilizzati per scopi ulteriori e sono normalmente installati direttamente dal dominio che si sta navigando.<\/li><li><strong><em>cookie<\/em><\/strong><strong>\u00a0analytics<\/strong>: servono a monitorare da quanti utenti viene consultato il sito web, quali sono le pagine pi\u00f9 visitate, quali sono le parole chiave pi\u00f9 utilizzate e altre informazioni al solo scopo di ottimizzazione delle performance del sito stesso. I dati necessari a questa analisi sono raccolti in forma anonima.<\/li><li><strong><em>cookie<\/em><\/strong><strong>\u00a0di profilazione<\/strong>: monitorano la navigazione dell\u2019utente in rete per creare profili sui suoi gusti, abitudini, scelte e altre preferenze. Grazie a questi\u00a0<em>cookie<\/em>\u00a0l\u2019utente potr\u00e0 ricevere messaggi pubblicitari mirati alle sue preferenze.<\/li><li><strong><em>cookie<\/em><\/strong><strong>\u00a0di social network:<\/strong>\u00a0consentono di condividere anche con altri utenti i contenuti del sito che si sta visitando. Sono i\u00a0<em>cookie<\/em>\u00a0tipicamente utilizzati per attivare le funzioni \u201cMi piace\u201d o \u201cSegui\u201d dei social network quali, tra gli altri, Facebook e Twitter. Queste funzioni consentono ai social media di identificare i propri utenti e raccogliere informazioni anche mentre navigano su altri siti, pertanto possono essere mostrati all\u2019utente anche annunci pubblicitari personalizzati. Sono considerati cookie di terza parte.<\/li><\/ul><p>Per avere maggiori informazioni sui <em>cookie<\/em>\u00a0di terza parte (gestione, settaggio e disattivazione dei\u00a0<em>cookie<\/em>\u00a0utilizzati per il trattamento dei dati personali), si invita l\u2019utente a leggere le rispettive privacy e cookie policy, presenti nelle pagine web di propriet\u00e0 dei Titolari terzi.<\/p><ol start=\"3\"><li><h5><strong>I\u00a0<em>COOKIE<\/em>\u00a0UTILIZZATI DA QUESTO SITO WEB<\/strong><\/h5><\/li><\/ol><p>Questo sito web utilizza\u00a0<em>cookie<\/em>\u00a0per salvare la sessione dell\u2019utente e per svolgere altre attivit\u00e0 strettamente necessarie al corretto funzionamento dello stesso, ad esempio in relazione alla distribuzione del traffico. Inoltre vengono utilizzati\u00a0<em>cookie<\/em>\u00a0per salvare le preferenze di navigazione ed ottimizzare l\u2019esperienza di navigazione dell\u2019utente, consentendo di fruire dei servizi offerti.<\/p><p>Cookie strettamente necessari<\/p><table style=\"height: 501px;\" width=\"889\"><tbody><tr><td width=\"239\"><strong>Nome del Cookie<\/strong><\/td><td width=\"68\"><strong>Scadenza<\/strong><\/td><td width=\"135\"><strong>Funzione<\/strong><\/td><td width=\"75\"><strong>Tipologia<\/strong><\/td><td width=\"133\"><strong>Categoria<\/strong><\/td><\/tr><tr><td width=\"239\">wordpress_gdpr_allowed_services<\/td><td width=\"68\">180gg<\/td><td width=\"135\">accettazione cookie<\/td><td width=\"75\">WordPress<\/td><td width=\"133\">necessario<\/td><\/tr><tr><td width=\"239\">wordpress_gdpr_cookies_allowed<\/td><td width=\"68\">180gg<\/td><td width=\"135\">accettazione cookie<\/td><td width=\"75\">WordPress<\/td><td width=\"133\">necessario<\/td><\/tr><tr><td width=\"239\">wordpress_gdpr_cookies_declined<\/td><td width=\"68\">180gg<\/td><td width=\"135\">accettazione cookie<\/td><td width=\"75\">WordPress<\/td><td width=\"133\">necessario<\/td><\/tr><tr><td width=\"239\">wordpress_test_cookie<\/td><td width=\"68\">sessione<\/td><td width=\"135\">funzionalit\u00e0 di base<\/td><td width=\"75\">WordPress<\/td><td width=\"133\">necessario<\/td><\/tr><tr><td width=\"239\">wp_lang<\/td><td width=\"68\">sessione<\/td><td width=\"135\">funzionalit\u00e0 di base<\/td><td width=\"75\">WordPress<\/td><td width=\"133\">necessario<\/td><\/tr><\/tbody><\/table><p>\u00a0<\/p><ol start=\"4\"><li><h5><strong>GOOGLE ANALYTICS<\/strong><\/h5><\/li><\/ol><p>Google Analytics \u00e8 un servizio di Web Analytics fornito da Google Inc. Il Titolare utilizza Analytics nelle sue impostazioni base e quindi con il solo scopo di monitorare il flusso di visitatori in maniera anonima e alcuni dati sull\u2019utilizzo delle sezioni interne al sito. Queste informazioni vengono restituite da Google sotto forma di report utili per migliorare e ottimizzare le performance del sito web.<\/p><p>Google non associa l\u2019indirizzo IP dell\u2019utente a nessun altro dato posseduto da Google, n\u00e9 cerca di combinare un indirizzo IP con l\u2019identit\u00e0 di un utente. Google pu\u00f2 anche trasferire queste informazioni a terzi ove ci\u00f2 sia imposto dalla legge o laddove tali terzi trattino le suddette informazioni per conto di Google.<\/p><p>Se si desiderasse essere esclusi dall\u2019analisi dei\u00a0<em>cookie<\/em>\u00a0Google Analytics si prega di scaricare l\u2019apposita estensione fornita da Google e valida per i maggiori browser dal seguente link:\u00a0<a href=\"https:\/\/tools.google.com\/dlpage\/gaoptout?hl=it\" target=\"_blank\" rel=\"noopener\">https:\/\/tools.google.com\/dlpage\/gaoptout?hl=it<\/a><\/p><ol start=\"5\"><li><h5><strong>COME DISABILITARE I\u00a0<em>COOKIE<\/em><\/strong><\/h5><\/li><\/ol><p>\u00c8 possibile configurare il browser utilizzato per la navigazione per eliminare o per impedire l\u2019installazione di\u00a0<em>cookie<\/em>. L\u2019utente pu\u00f2 controllare quali\u00a0<em>cookie<\/em>\u00a0sono istallati, qual \u00e8 la loro durata e, eventualmente, eliminarli. Si riportano di seguito i link dei browser pi\u00f9 diffusi:<\/p><ul><li>Google Chrome (<a href=\"https:\/\/support.google.com\/chrome\/answer\/95464?hl=it\" target=\"_blank\" rel=\"noopener\">https:\/\/support.google.com\/chrome\/answer\/95464?hl=it<\/a>)<\/li><li>Microsoft Internet Explorer (<a href=\"http:\/\/windows.microsoft.com\/it-it\/internet-explorer\/products\/ie-9\/features\/in-private\" target=\"_blank\" rel=\"noopener\">http:\/\/windows.microsoft.com\/it-it\/internet-explorer\/products\/ie-9\/features\/in-private<\/a>)<\/li><li>Mozilla Firefox (<a href=\"https:\/\/support.mozilla.org\/it\/kb\/Navigazione%20anonima\" target=\"_blank\" rel=\"noopener\">https:\/\/support.mozilla.org\/it\/kb\/Navigazione%20anonima<\/a>)<\/li><li>Opera (<a href=\"http:\/\/help.opera.com\/opera\/Windows\/1781\/it\/private.html#privateWindow\" target=\"_blank\" rel=\"noopener\">http:\/\/help.opera.com\/opera\/Windows\/1781\/it\/private.html#privateWindow<\/a>)<\/li><li>Apple Safari (<a href=\"https:\/\/support.apple.com\/it-it\/HT6074\" target=\"_blank\" rel=\"noopener\">https:\/\/support.apple.com\/it-it\/HT6074<\/a>)<\/li><\/ul><p>\u00c8 importante notare che disabilitando tutti i <em>cookie<\/em>, il funzionamento di questo sito potrebbe essere compromesso.<\/p>\t\t\t\t\t\t\t\t<\/div>\n\t\t\t\t<\/div>\n\t\t\t\t\t<\/div>\n\t\t<\/div>\n\t\t\t\t\t<\/div>\n\t\t<\/section>\n\t\t\t\t<\/div>\n\t\t","protected":false},"excerpt":{"rendered":"<p>Informativa sui cookie Il sito web www.e-360.it utilizza\u00a0cookie\u00a0e altre tecnologie correlate (di seguito genericamente definiti \u201ccookie\u201d). La presente policy contiene le informazioni sulla tipologia e sull\u2019utilizzo dei\u00a0cookie\u00a0all\u2019interno del sito web. COSA SONO I\u00a0COOKIE? I\u00a0cookie\u00a0sono piccoli file di testo che i siti visitati inviano ai terminali degli utenti e sono usati per eseguire autenticazioni informatiche, monitoraggio [&hellip;]<\/p>\n","protected":false},"author":1,"featured_media":0,"parent":238,"menu_order":0,"comment_status":"closed","ping_status":"closed","template":"elementor_header_footer","meta":{"footnotes":""},"class_list":["post-240","page","type-page","status-publish","hentry"],"yoast_head":"<!-- This site is optimized with the Yoast SEO plugin v24.6 - https:\/\/yoast.com\/wordpress\/plugins\/seo\/ -->\n<title>Informativa sui cookie &#8212; E-360 Partners<\/title>\n<meta name=\"robots\" content=\"index, follow, max-snippet:-1, max-image-preview:large, max-video-preview:-1\" \/>\n<link rel=\"canonical\" href=\"https:\/\/www.e-360.it\/partners\/centro-privacy\/informativa-sui-cookie\/\" \/>\n<meta property=\"og:locale\" content=\"it_IT\" \/>\n<meta property=\"og:type\" content=\"article\" \/>\n<meta property=\"og:title\" content=\"Informativa sui cookie &#8212; E-360 Partners\" \/>\n<meta property=\"og:description\" content=\"Informativa sui cookie Il sito web www.e-360.it utilizza\u00a0cookie\u00a0e altre tecnologie correlate (di seguito genericamente definiti \u201ccookie\u201d). La presente policy contiene le informazioni sulla tipologia e sull\u2019utilizzo dei\u00a0cookie\u00a0all\u2019interno del sito web. COSA SONO I\u00a0COOKIE? I\u00a0cookie\u00a0sono piccoli file di testo che i siti visitati inviano ai terminali degli utenti e sono usati per eseguire autenticazioni informatiche, monitoraggio [&hellip;]\" \/>\n<meta property=\"og:url\" content=\"https:\/\/www.e-360.it\/partners\/centro-privacy\/informativa-sui-cookie\/\" \/>\n<meta property=\"og:site_name\" content=\"E-360 Partners\" \/>\n<meta property=\"article:modified_time\" content=\"2023-06-23T10:09:37+00:00\" \/>\n<meta name=\"twitter:card\" content=\"summary_large_image\" \/>\n<meta name=\"twitter:label1\" content=\"Tempo di lettura stimato\" \/>\n\t<meta name=\"twitter:data1\" content=\"4 minuti\" \/>\n<script type=\"application\/ld+json\" class=\"yoast-schema-graph\">{\"@context\":\"https:\/\/schema.org\",\"@graph\":[{\"@type\":\"WebPage\",\"@id\":\"https:\/\/www.e-360.it\/partners\/centro-privacy\/informativa-sui-cookie\/\",\"url\":\"https:\/\/www.e-360.it\/partners\/centro-privacy\/informativa-sui-cookie\/\",\"name\":\"Informativa sui cookie &#8212; E-360 Partners\",\"isPartOf\":{\"@id\":\"https:\/\/www.e-360.it\/partners\/#website\"},\"datePublished\":\"2023-06-21T07:23:55+00:00\",\"dateModified\":\"2023-06-23T10:09:37+00:00\",\"breadcrumb\":{\"@id\":\"https:\/\/www.e-360.it\/partners\/centro-privacy\/informativa-sui-cookie\/#breadcrumb\"},\"inLanguage\":\"it-IT\",\"potentialAction\":[{\"@type\":\"ReadAction\",\"target\":[\"https:\/\/www.e-360.it\/partners\/centro-privacy\/informativa-sui-cookie\/\"]}]},{\"@type\":\"BreadcrumbList\",\"@id\":\"https:\/\/www.e-360.it\/partners\/centro-privacy\/informativa-sui-cookie\/#breadcrumb\",\"itemListElement\":[{\"@type\":\"ListItem\",\"position\":1,\"name\":\"Home\",\"item\":\"https:\/\/www.e-360.it\/partners\/\"},{\"@type\":\"ListItem\",\"position\":2,\"name\":\"Centro Privacy\",\"item\":\"https:\/\/www.e-360.it\/partners\/centro-privacy\/\"},{\"@type\":\"ListItem\",\"position\":3,\"name\":\"Informativa sui cookie\"}]},{\"@type\":\"WebSite\",\"@id\":\"https:\/\/www.e-360.it\/partners\/#website\",\"url\":\"https:\/\/www.e-360.it\/partners\/\",\"name\":\"E-360\",\"description\":\"CER Software Solutions\",\"publisher\":{\"@id\":\"https:\/\/www.e-360.it\/partners\/#organization\"},\"potentialAction\":[{\"@type\":\"SearchAction\",\"target\":{\"@type\":\"EntryPoint\",\"urlTemplate\":\"https:\/\/www.e-360.it\/partners\/?s={search_term_string}\"},\"query-input\":{\"@type\":\"PropertyValueSpecification\",\"valueRequired\":true,\"valueName\":\"search_term_string\"}}],\"inLanguage\":\"it-IT\"},{\"@type\":\"Organization\",\"@id\":\"https:\/\/www.e-360.it\/partners\/#organization\",\"name\":\"E-360\",\"url\":\"https:\/\/www.e-360.it\/partners\/\",\"logo\":{\"@type\":\"ImageObject\",\"inLanguage\":\"it-IT\",\"@id\":\"https:\/\/www.e-360.it\/partners\/#\/schema\/logo\/image\/\",\"url\":\"https:\/\/www.e-360.it\/partners\/wp-content\/uploads\/2023\/06\/e-360-logo-scaled.webp\",\"contentUrl\":\"https:\/\/www.e-360.it\/partners\/wp-content\/uploads\/2023\/06\/e-360-logo-scaled.webp\",\"width\":2560,\"height\":1061,\"caption\":\"E-360\"},\"image\":{\"@id\":\"https:\/\/www.e-360.it\/partners\/#\/schema\/logo\/image\/\"}}]}<\/script>\n<!-- \/ Yoast SEO plugin. -->","yoast_head_json":{"title":"Informativa sui cookie &#8212; E-360 Partners","robots":{"index":"index","follow":"follow","max-snippet":"max-snippet:-1","max-image-preview":"max-image-preview:large","max-video-preview":"max-video-preview:-1"},"canonical":"https:\/\/www.e-360.it\/partners\/centro-privacy\/informativa-sui-cookie\/","og_locale":"it_IT","og_type":"article","og_title":"Informativa sui cookie &#8212; E-360 Partners","og_description":"Informativa sui cookie Il sito web www.e-360.it utilizza\u00a0cookie\u00a0e altre tecnologie correlate (di seguito genericamente definiti \u201ccookie\u201d). La presente policy contiene le informazioni sulla tipologia e sull\u2019utilizzo dei\u00a0cookie\u00a0all\u2019interno del sito web. COSA SONO I\u00a0COOKIE? I\u00a0cookie\u00a0sono piccoli file di testo che i siti visitati inviano ai terminali degli utenti e sono usati per eseguire autenticazioni informatiche, monitoraggio [&hellip;]","og_url":"https:\/\/www.e-360.it\/partners\/centro-privacy\/informativa-sui-cookie\/","og_site_name":"E-360 Partners","article_modified_time":"2023-06-23T10:09:37+00:00","twitter_card":"summary_large_image","twitter_misc":{"Tempo di lettura stimato":"4 minuti"},"schema":{"@context":"https:\/\/schema.org","@graph":[{"@type":"WebPage","@id":"https:\/\/www.e-360.it\/partners\/centro-privacy\/informativa-sui-cookie\/","url":"https:\/\/www.e-360.it\/partners\/centro-privacy\/informativa-sui-cookie\/","name":"Informativa sui cookie &#8212; E-360 Partners","isPartOf":{"@id":"https:\/\/www.e-360.it\/partners\/#website"},"datePublished":"2023-06-21T07:23:55+00:00","dateModified":"2023-06-23T10:09:37+00:00","breadcrumb":{"@id":"https:\/\/www.e-360.it\/partners\/centro-privacy\/informativa-sui-cookie\/#breadcrumb"},"inLanguage":"it-IT","potentialAction":[{"@type":"ReadAction","target":["https:\/\/www.e-360.it\/partners\/centro-privacy\/informativa-sui-cookie\/"]}]},{"@type":"BreadcrumbList","@id":"https:\/\/www.e-360.it\/partners\/centro-privacy\/informativa-sui-cookie\/#breadcrumb","itemListElement":[{"@type":"ListItem","position":1,"name":"Home","item":"https:\/\/www.e-360.it\/partners\/"},{"@type":"ListItem","position":2,"name":"Centro Privacy","item":"https:\/\/www.e-360.it\/partners\/centro-privacy\/"},{"@type":"ListItem","position":3,"name":"Informativa sui cookie"}]},{"@type":"WebSite","@id":"https:\/\/www.e-360.it\/partners\/#website","url":"https:\/\/www.e-360.it\/partners\/","name":"E-360","description":"CER Software Solutions","publisher":{"@id":"https:\/\/www.e-360.it\/partners\/#organization"},"potentialAction":[{"@type":"SearchAction","target":{"@type":"EntryPoint","urlTemplate":"https:\/\/www.e-360.it\/partners\/?s={search_term_string}"},"query-input":{"@type":"PropertyValueSpecification","valueRequired":true,"valueName":"search_term_string"}}],"inLanguage":"it-IT"},{"@type":"Organization","@id":"https:\/\/www.e-360.it\/partners\/#organization","name":"E-360","url":"https:\/\/www.e-360.it\/partners\/","logo":{"@type":"ImageObject","inLanguage":"it-IT","@id":"https:\/\/www.e-360.it\/partners\/#\/schema\/logo\/image\/","url":"https:\/\/www.e-360.it\/partners\/wp-content\/uploads\/2023\/06\/e-360-logo-scaled.webp","contentUrl":"https:\/\/www.e-360.it\/partners\/wp-content\/uploads\/2023\/06\/e-360-logo-scaled.webp","width":2560,"height":1061,"caption":"E-360"},"image":{"@id":"https:\/\/www.e-360.it\/partners\/#\/schema\/logo\/image\/"}}]}},"_links":{"self":[{"href":"https:\/\/www.e-360.it\/partners\/wp-json\/wp\/v2\/pages\/240","targetHints":{"allow":["GET"]}}],"collection":[{"href":"https:\/\/www.e-360.it\/partners\/wp-json\/wp\/v2\/pages"}],"about":[{"href":"https:\/\/www.e-360.it\/partners\/wp-json\/wp\/v2\/types\/page"}],"author":[{"embeddable":true,"href":"https:\/\/www.e-360.it\/partners\/wp-json\/wp\/v2\/users\/1"}],"replies":[{"embeddable":true,"href":"https:\/\/www.e-360.it\/partners\/wp-json\/wp\/v2\/comments?post=240"}],"version-history":[{"count":9,"href":"https:\/\/www.e-360.it\/partners\/wp-json\/wp\/v2\/pages\/240\/revisions"}],"predecessor-version":[{"id":610,"href":"https:\/\/www.e-360.it\/partners\/wp-json\/wp\/v2\/pages\/240\/revisions\/610"}],"up":[{"embeddable":true,"href":"https:\/\/www.e-360.it\/partners\/wp-json\/wp\/v2\/pages\/238"}],"wp:attachment":[{"href":"https:\/\/www.e-360.it\/partners\/wp-json\/wp\/v2\/media?parent=240"}],"curies":[{"name":"wp","href":"https:\/\/api.w.org\/{rel}","templated":true}]}}